{"id":137,"date":"2022-12-28T14:25:41","date_gmt":"2022-12-28T14:25:41","guid":{"rendered":"https:\/\/aem-fahrzeugtechnik.de\/?page_id=137"},"modified":"2026-01-11T16:12:54","modified_gmt":"2026-01-11T16:12:54","slug":"leistungen","status":"publish","type":"page","link":"https:\/\/aem-fahrzeugtechnik.de\/?page_id=137","title":{"rendered":"Leistungen"},"content":{"rendered":"\t\t<div data-elementor-type=\"wp-page\" data-elementor-id=\"137\" class=\"elementor elementor-137\">\n\t\t\t\t\t\t<section class=\"elementor-section elementor-top-section elementor-element elementor-element-27cbdb5 elementor-section-boxed elementor-section-height-default elementor-section-height-default\" data-id=\"27cbdb5\" data-element_type=\"section\" data-settings=\"{&quot;background_background&quot;:&quot;classic&quot;}\">\n\t\t\t\t\t\t<div class=\"elementor-container elementor-column-gap-default\">\n\t\t\t\t\t<div class=\"elementor-column elementor-col-100 elementor-top-column elementor-element elementor-element-5da06f6\" data-id=\"5da06f6\" data-element_type=\"column\">\n\t\t\t<div class=\"elementor-widget-wrap elementor-element-populated\">\n\t\t\t\t\t\t<div class=\"elementor-element elementor-element-b46798e elementor-widget elementor-widget-spacer\" data-id=\"b46798e\" data-element_type=\"widget\" data-widget_type=\"spacer.default\">\n\t\t\t\t<div class=\"elementor-widget-container\">\n\t\t\t\t\t\t\t<div class=\"elementor-spacer\">\n\t\t\t<div class=\"elementor-spacer-inner\"><\/div>\n\t\t<\/div>\n\t\t\t\t\t\t<\/div>\n\t\t\t\t<\/div>\n\t\t\t\t<div class=\"elementor-element elementor-element-859a207 elementor-widget elementor-widget-heading\" data-id=\"859a207\" data-element_type=\"widget\" data-widget_type=\"heading.default\">\n\t\t\t\t<div class=\"elementor-widget-container\">\n\t\t\t\t\t<h2 class=\"elementor-heading-title elementor-size-default\">Unsere Leistungen \u2013 KFZ- &amp; NFZ-Service in Spangenberg<\/h2>\t\t\t\t<\/div>\n\t\t\t\t<\/div>\n\t\t\t\t<div class=\"elementor-element elementor-element-9ac4cb6 elementor-widget elementor-widget-text-editor\" data-id=\"9ac4cb6\" data-element_type=\"widget\" data-widget_type=\"text-editor.default\">\n\t\t\t\t<div class=\"elementor-widget-container\">\n\t\t\t\t\t\t\t\t\t<p>Als <strong>KFZ-Meisterwerkstatt in Spangenberg<\/strong> bieten wir Ihnen ein umfassendes Leistungsspektrum rund um <strong>PKW und Nutzfahrzeuge bis 7,5 t<\/strong>. Qualit\u00e4t, Zuverl\u00e4ssigkeit und fachgerechte Ausf\u00fchrung stehen bei uns an erster Stelle.<\/p><p>\ud83d\udd27 <span style=\"text-decoration: underline;\"><strong>Reparatur &amp; Service<\/strong>p<\/span><\/p><ul><li><strong>KFZ- &amp; NFZ-Reparaturen bis 7,5 t<\/strong><br \/><em>Wir verbauen ausschlie\u00dflich Ersatzteile in Erstausr\u00fcsterqualit\u00e4t.<\/em><\/li><li><strong>KFZ- &amp; NFZ-Service bis 7,5 t<\/strong><br \/>Wartung nach Herstellervorgaben f\u00fcr Werterhalt und Sicherheit<\/li><li><strong>Getriebesp\u00fclung<\/strong><br \/>F\u00fcr l\u00e4ngere Lebensdauer und optimales Schaltverhalten<\/li><\/ul><p>\ud83d\ude97<strong><span style=\"text-decoration: underline;\"> Fahrzeug &amp; Handel<\/span><\/strong><\/p><ul><li><strong>KFZ-Handel<\/strong><br \/>An- und Verkauf von gepr\u00fcften Fahrzeugen<\/li><li><strong>Verkauf von Ersatzteilen &amp; \u00d6len<\/strong><br \/>Hochwertige Produkte f\u00fcr Ihr Fahrzeug<\/li><\/ul><p>\ud83d\udee0 <span style=\"text-decoration: underline;\">Karosserie, Lack &amp; Glas<\/span><\/p><ul><li><strong>Glasreparatur &amp; Scheibentausch<\/strong><\/li><li><strong>Beulendoktor \/ Dellentechnik<\/strong><\/li><li><strong>Smart Repair<\/strong><br \/>Kosteng\u00fcnstige Instandsetzung kleiner Sch\u00e4den<\/li><li><strong>Lackierung (\u00fcber externe Fachpartner)<\/strong><\/li><\/ul><p>\u2728 <span style=\"text-decoration: underline;\"><strong>Pflege &amp; Werterhalt<\/strong><\/span><\/p><ul><li><strong>KFZ-Aufbereitung<\/strong><br \/>Innen- und Au\u00dfenaufbereitung f\u00fcr neuen Glanz<\/li><\/ul><p>\ud83d\udcc4 <span style=\"text-decoration: underline;\"><strong>Gutachten &amp; Bewertun<\/strong>g<\/span><\/p><ul><li><strong>Fahrzeuggutachten (DEKRA)<\/strong><br \/>Objektive Bewertung durch zertifizierte Partner<\/li><\/ul><p>\u00a0<\/p><p><strong>AEM Fahrzeugtechnik \u2013 Ihre zuverl\u00e4ssige KFZ-Werkstatt f\u00fcr Reparatur, Service und Fahrzeugtechnik in Spangenberg.<\/strong><\/p>\t\t\t\t\t\t\t\t<\/div>\n\t\t\t\t<\/div>\n\t\t\t\t\t<\/div>\n\t\t<\/div>\n\t\t\t\t\t<\/div>\n\t\t<\/section>\n\t\t\t\t<\/div>\n\t\t","protected":false},"excerpt":{"rendered":"<p>Unsere Leistungen \u2013 KFZ- &amp; NFZ-Service in Spangenberg Als KFZ-Meisterwerkstatt in Spangenberg bieten wir Ihnen ein umfassendes Leistungsspektrum rund um PKW und Nutzfahrzeuge bis 7,5 t. Qualit\u00e4t, Zuverl\u00e4ssigkeit und fachgerechte Ausf\u00fchrung stehen bei uns an erster Stelle. \ud83d\udd27 Reparatur &amp; Servicep KFZ- &amp; NFZ-Reparaturen bis 7,5 tWir verbauen ausschlie\u00dflich Ersatzteile in Erstausr\u00fcsterqualit\u00e4t. KFZ- &amp; NFZ-Service [&hellip;]<\/p>\n","protected":false},"author":1,"featured_media":0,"parent":0,"menu_order":0,"comment_status":"closed","ping_status":"closed","template":"","meta":{"_monsterinsights_skip_tracking":false,"_monsterinsights_sitenote_active":false,"_monsterinsights_sitenote_note":"","_monsterinsights_sitenote_category":0,"site-sidebar-layout":"no-sidebar","site-content-layout":"page-builder","ast-site-content-layout":"default","site-content-style":"default","site-sidebar-style":"default","ast-global-header-display":"","ast-banner-title-visibility":"","ast-main-header-display":"","ast-hfb-above-header-display":"","ast-hfb-below-header-display":"","ast-hfb-mobile-header-display":"","site-post-title":"disabled","ast-breadcrumbs-content":"","ast-featured-img":"disabled","footer-sml-layout":"","ast-disable-related-posts":"","theme-transparent-header-meta":"","adv-header-id-meta":"","stick-header-meta":"","header-above-stick-meta":"","header-main-stick-meta":"","header-below-stick-meta":"","astra-migrate-meta-layouts":"default","ast-page-background-enabled":"default","ast-page-background-meta":{"desktop":{"background-color":"var(--ast-global-color-4)","background-image":"","background-repeat":"repeat","background-position":"center center","background-size":"auto","background-attachment":"scroll","background-type":"","background-media":"","overlay-type":"","overlay-color":"","overlay-opacity":"","overlay-gradient":""},"tablet":{"background-color":"","background-image":"","background-repeat":"repeat","background-position":"center center","background-size":"auto","background-attachment":"scroll","background-type":"","background-media":"","overlay-type":"","overlay-color":"","overlay-opacity":"","overlay-gradient":""},"mobile":{"background-color":"","background-image":"","background-repeat":"repeat","background-position":"center center","background-size":"auto","background-attachment":"scroll","background-type":"","background-media":"","overlay-type":"","overlay-color":"","overlay-opacity":"","overlay-gradient":""}},"ast-content-background-meta":{"desktop":{"background-color":"var(--ast-global-color-5)","background-image":"","background-repeat":"repeat","background-position":"center center","background-size":"auto","background-attachment":"scroll","background-type":"","background-media":"","overlay-type":"","overlay-color":"","overlay-opacity":"","overlay-gradient":""},"tablet":{"background-color":"var(--ast-global-color-5)","background-image":"","background-repeat":"repeat","background-position":"center center","background-size":"auto","background-attachment":"scroll","background-type":"","background-media":"","overlay-type":"","overlay-color":"","overlay-opacity":"","overlay-gradient":""},"mobile":{"background-color":"var(--ast-global-color-5)","background-image":"","background-repeat":"repeat","background-position":"center center","background-size":"auto","background-attachment":"scroll","background-type":"","background-media":"","overlay-type":"","overlay-color":"","overlay-opacity":"","overlay-gradient":""}},"footnotes":""},"class_list":["post-137","page","type-page","status-publish","hentry"],"aioseo_notices":[],"_links":{"self":[{"href":"https:\/\/aem-fahrzeugtechnik.de\/index.php?rest_route=\/wp\/v2\/pages\/137","targetHints":{"allow":["GET"]}}],"collection":[{"href":"https:\/\/aem-fahrzeugtechnik.de\/index.php?rest_route=\/wp\/v2\/pages"}],"about":[{"href":"https:\/\/aem-fahrzeugtechnik.de\/index.php?rest_route=\/wp\/v2\/types\/page"}],"author":[{"embeddable":true,"href":"https:\/\/aem-fahrzeugtechnik.de\/index.php?rest_route=\/wp\/v2\/users\/1"}],"replies":[{"embeddable":true,"href":"https:\/\/aem-fahrzeugtechnik.de\/index.php?rest_route=%2Fwp%2Fv2%2Fcomments&post=137"}],"version-history":[{"count":22,"href":"https:\/\/aem-fahrzeugtechnik.de\/index.php?rest_route=\/wp\/v2\/pages\/137\/revisions"}],"predecessor-version":[{"id":284,"href":"https:\/\/aem-fahrzeugtechnik.de\/index.php?rest_route=\/wp\/v2\/pages\/137\/revisions\/284"}],"wp:attachment":[{"href":"https:\/\/aem-fahrzeugtechnik.de\/index.php?rest_route=%2Fwp%2Fv2%2Fmedia&parent=137"}],"curies":[{"name":"wp","href":"https:\/\/api.w.org\/{rel}","templated":true}]}}